{"id":4360,"date":"2025-01-27T18:42:29","date_gmt":"2025-01-27T18:42:29","guid":{"rendered":"https:\/\/ilgihost.com\/?page_id=4360"},"modified":"2025-10-04T12:37:42","modified_gmt":"2025-10-04T12:37:42","slug":"banka-bilgileri","status":"publish","type":"page","link":"https:\/\/ilgihost.com\/en\/banka-bilgileri\/","title":{"rendered":"Bank Account Details"},"content":{"rendered":"<div data-elementor-type=\"wp-page\" data-elementor-id=\"4360\" class=\"elementor elementor-4360\">\n\t\t\t\t        <section class=\"elementor-section elementor-top-section elementor-element elementor-element-4a047f9b elementor-section-boxed elementor-section-height-default elementor-section-height-default pxl-type-header-none pxl-bg-color-none parallax-none pxl-row-scroll-none\" data-id=\"4a047f9b\" data-element_type=\"section\" data-e-type=\"section\">\n\n                \n                <div class=\"elementor-container elementor-column-gap-default\">\n                <div class=\"elementor-column elementor-col-100 elementor-top-column elementor-element elementor-element-6ecb3a59 pxl_section_offset-none parallax-none pxl-container-width-container-1200 pxl-col-none pxl-column-none\" data-id=\"6ecb3a59\" data-element_type=\"column\" data-e-type=\"column\">\r\n        <div class=\"elementor-widget-wrap elementor-element-populated\">\r\n                     \r\n        \t\t<div class=\"elementor-element elementor-element-4c973366 elementor-widget elementor-widget-text-editor\" data-id=\"4c973366\" data-element_type=\"widget\" data-e-type=\"widget\" data-widget_type=\"text-editor.default\">\n\t\t\t\t<div class=\"elementor-widget-container\">\n\t\t\t\t\t\t\t\t\t<p><img decoding=\"async\" class=\"size-full wp-image-5333 aligncenter\" src=\"https:\/\/ilgihost.com\/wp-content\/uploads\/2025\/10\/yapikredi.png\" alt=\"yapikredi\" width=\"233\" height=\"81\" \/><\/p><p style=\"text-align: center;\"><b>Hesap Sahibi:<\/b> \u0130LG\u0130NET TELEKOM\u00dcN\u0130KASYON VE \u0130NTERNET H\u0130ZMETLER\u0130 SANAY\u0130 T\u0130CARET L\u0130M\u0130TED \u015e\u0130RKET\u0130<\/p><p style=\"text-align: center;\"><b>\u0130BAN No :<\/b> TR210006701000000075717241<\/p>\t\t\t\t\t\t\t\t<\/div>\n\t\t\t\t<\/div>\n\t\t            <\/div>\r\n        <\/div>\r\n        \t\t\t<\/div>\n\t\t<\/section>\n\t\t\t\t<\/div>","protected":false},"excerpt":{"rendered":"<p>Hesap Sahibi: \u0130LG\u0130NET TELEKOM\u00dcN\u0130KASYON VE \u0130NTERNET H\u0130ZMETLER\u0130 SANAY\u0130 T\u0130CARET L\u0130M\u0130TED \u015e\u0130RKET\u0130 \u0130BAN No : TR210006701000000075717241<\/p>","protected":false},"author":1,"featured_media":0,"parent":0,"menu_order":0,"comment_status":"closed","ping_status":"closed","template":"","meta":{"footnotes":""},"class_list":["post-4360","page","type-page","status-publish","hentry"],"yoast_head":"<!-- This site is optimized with the Yoast SEO plugin v27.4 - https:\/\/yoast.com\/product\/yoast-seo-wordpress\/ -->\n<title>Banka Hesap Bilgileri - \u0130lgi Host \u0130nternet Hizmetleri<\/title>\n<meta name=\"robots\" content=\"index, follow, max-snippet:-1, max-image-preview:large, max-video-preview:-1\" \/>\n<link rel=\"canonical\" href=\"https:\/\/ilgihost.com\/en\/banka-bilgileri\/\" \/>\n<meta property=\"og:locale\" content=\"en_US\" \/>\n<meta property=\"og:type\" content=\"article\" \/>\n<meta property=\"og:title\" content=\"Banka Hesap Bilgileri - \u0130lgi Host \u0130nternet Hizmetleri\" \/>\n<meta property=\"og:description\" content=\"Hesap Sahibi: \u0130LG\u0130NET TELEKOM\u00dcN\u0130KASYON VE \u0130NTERNET H\u0130ZMETLER\u0130 SANAY\u0130 T\u0130CARET L\u0130M\u0130TED \u015e\u0130RKET\u0130 \u0130BAN No : TR210006701000000075717241\" \/>\n<meta property=\"og:url\" content=\"https:\/\/ilgihost.com\/en\/banka-bilgileri\/\" \/>\n<meta property=\"og:site_name\" content=\"\u0130lgi Host \u0130nternet Hizmetleri\" \/>\n<meta property=\"article:publisher\" content=\"https:\/\/facebook.com\/ilgihost\" \/>\n<meta property=\"article:modified_time\" content=\"2025-10-04T12:37:42+00:00\" \/>\n<meta property=\"og:image\" content=\"https:\/\/ilgihost.com\/wp-content\/uploads\/2025\/10\/yapikredi.png\" \/>\n\t<meta property=\"og:image:width\" content=\"233\" \/>\n\t<meta property=\"og:image:height\" content=\"81\" \/>\n\t<meta property=\"og:image:type\" content=\"image\/png\" \/>\n<meta name=\"twitter:card\" content=\"summary_large_image\" \/>\n<meta name=\"twitter:site\" content=\"@ilgihost\" \/>\n<meta name=\"twitter:label1\" content=\"Est. reading time\" \/>\n\t<meta name=\"twitter:data1\" content=\"1 minute\" \/>\n<script type=\"application\/ld+json\" class=\"yoast-schema-graph\">{\"@context\":\"https:\\\/\\\/schema.org\",\"@graph\":[{\"@type\":\"WebPage\",\"@id\":\"https:\\\/\\\/ilgihost.com\\\/banka-bilgileri\\\/\",\"url\":\"https:\\\/\\\/ilgihost.com\\\/banka-bilgileri\\\/\",\"name\":\"Banka Hesap Bilgileri - \u0130lgi Host \u0130nternet Hizmetleri\",\"isPartOf\":{\"@id\":\"https:\\\/\\\/ilgihost.com\\\/#website\"},\"primaryImageOfPage\":{\"@id\":\"https:\\\/\\\/ilgihost.com\\\/banka-bilgileri\\\/#primaryimage\"},\"image\":{\"@id\":\"https:\\\/\\\/ilgihost.com\\\/banka-bilgileri\\\/#primaryimage\"},\"thumbnailUrl\":\"https:\\\/\\\/ilgihost.com\\\/wp-content\\\/uploads\\\/2025\\\/10\\\/yapikredi.png\",\"datePublished\":\"2025-01-27T18:42:29+00:00\",\"dateModified\":\"2025-10-04T12:37:42+00:00\",\"breadcrumb\":{\"@id\":\"https:\\\/\\\/ilgihost.com\\\/banka-bilgileri\\\/#breadcrumb\"},\"inLanguage\":\"en-US\",\"potentialAction\":[{\"@type\":\"ReadAction\",\"target\":[\"https:\\\/\\\/ilgihost.com\\\/banka-bilgileri\\\/\"]}]},{\"@type\":\"ImageObject\",\"inLanguage\":\"en-US\",\"@id\":\"https:\\\/\\\/ilgihost.com\\\/banka-bilgileri\\\/#primaryimage\",\"url\":\"https:\\\/\\\/ilgihost.com\\\/wp-content\\\/uploads\\\/2025\\\/10\\\/yapikredi.png\",\"contentUrl\":\"https:\\\/\\\/ilgihost.com\\\/wp-content\\\/uploads\\\/2025\\\/10\\\/yapikredi.png\"},{\"@type\":\"BreadcrumbList\",\"@id\":\"https:\\\/\\\/ilgihost.com\\\/banka-bilgileri\\\/#breadcrumb\",\"itemListElement\":[{\"@type\":\"ListItem\",\"position\":1,\"name\":\"Anasayfa\",\"item\":\"https:\\\/\\\/ilgihost.com\\\/\"},{\"@type\":\"ListItem\",\"position\":2,\"name\":\"Banka Hesap Bilgileri\"}]},{\"@type\":\"WebSite\",\"@id\":\"https:\\\/\\\/ilgihost.com\\\/#website\",\"url\":\"https:\\\/\\\/ilgihost.com\\\/\",\"name\":\"\u0130lgi Host\",\"description\":\"Siteniz i\u00e7in en do\u011fru tercih: En h\u0131zl\u0131 cPanel Hosting! Y\u00fcksek h\u0131z, g\u00fcvenlik, kesintisiz eri\u015fim ve kolay y\u00f6netim bir arada.\",\"publisher\":{\"@id\":\"https:\\\/\\\/ilgihost.com\\\/#organization\"},\"potentialAction\":[{\"@type\":\"SearchAction\",\"target\":{\"@type\":\"EntryPoint\",\"urlTemplate\":\"https:\\\/\\\/ilgihost.com\\\/?s={search_term_string}\"},\"query-input\":{\"@type\":\"PropertyValueSpecification\",\"valueRequired\":true,\"valueName\":\"search_term_string\"}}],\"inLanguage\":\"en-US\"},{\"@type\":\"Organization\",\"@id\":\"https:\\\/\\\/ilgihost.com\\\/#organization\",\"name\":\"\u0130lginet Telekom\u00fcnikasyon ve \u0130nternet Hizmetleri Sa. Tic. Ltd. \u015eti\",\"url\":\"https:\\\/\\\/ilgihost.com\\\/\",\"logo\":{\"@type\":\"ImageObject\",\"inLanguage\":\"en-US\",\"@id\":\"https:\\\/\\\/ilgihost.com\\\/#\\\/schema\\\/logo\\\/image\\\/\",\"url\":\"https:\\\/\\\/ilgihost.com\\\/wp-content\\\/uploads\\\/2025\\\/06\\\/logo-yazisiz.png\",\"contentUrl\":\"https:\\\/\\\/ilgihost.com\\\/wp-content\\\/uploads\\\/2025\\\/06\\\/logo-yazisiz.png\",\"width\":500,\"height\":500,\"caption\":\"\u0130lginet Telekom\u00fcnikasyon ve \u0130nternet Hizmetleri Sa. Tic. Ltd. \u015eti\"},\"image\":{\"@id\":\"https:\\\/\\\/ilgihost.com\\\/#\\\/schema\\\/logo\\\/image\\\/\"},\"sameAs\":[\"https:\\\/\\\/facebook.com\\\/ilgihost\",\"https:\\\/\\\/x.com\\\/ilgihost\",\"https:\\\/\\\/instagram.com\\\/ilgihost\"]}]}<\/script>\n<!-- \/ Yoast SEO plugin. -->","yoast_head_json":{"title":"Banka Hesap Bilgileri - \u0130lgi Host \u0130nternet Hizmetleri","robots":{"index":"index","follow":"follow","max-snippet":"max-snippet:-1","max-image-preview":"max-image-preview:large","max-video-preview":"max-video-preview:-1"},"canonical":"https:\/\/ilgihost.com\/en\/banka-bilgileri\/","og_locale":"en_US","og_type":"article","og_title":"Banka Hesap Bilgileri - \u0130lgi Host \u0130nternet Hizmetleri","og_description":"Hesap Sahibi: \u0130LG\u0130NET TELEKOM\u00dcN\u0130KASYON VE \u0130NTERNET H\u0130ZMETLER\u0130 SANAY\u0130 T\u0130CARET L\u0130M\u0130TED \u015e\u0130RKET\u0130 \u0130BAN No : TR210006701000000075717241","og_url":"https:\/\/ilgihost.com\/en\/banka-bilgileri\/","og_site_name":"\u0130lgi Host \u0130nternet Hizmetleri","article_publisher":"https:\/\/facebook.com\/ilgihost","article_modified_time":"2025-10-04T12:37:42+00:00","og_image":[{"width":233,"height":81,"url":"https:\/\/ilgihost.com\/wp-content\/uploads\/2025\/10\/yapikredi.png","type":"image\/png"}],"twitter_card":"summary_large_image","twitter_site":"@ilgihost","twitter_misc":{"Est. reading time":"1 minute"},"schema":{"@context":"https:\/\/schema.org","@graph":[{"@type":"WebPage","@id":"https:\/\/ilgihost.com\/banka-bilgileri\/","url":"https:\/\/ilgihost.com\/banka-bilgileri\/","name":"Banka Hesap Bilgileri - \u0130lgi Host \u0130nternet Hizmetleri","isPartOf":{"@id":"https:\/\/ilgihost.com\/#website"},"primaryImageOfPage":{"@id":"https:\/\/ilgihost.com\/banka-bilgileri\/#primaryimage"},"image":{"@id":"https:\/\/ilgihost.com\/banka-bilgileri\/#primaryimage"},"thumbnailUrl":"https:\/\/ilgihost.com\/wp-content\/uploads\/2025\/10\/yapikredi.png","datePublished":"2025-01-27T18:42:29+00:00","dateModified":"2025-10-04T12:37:42+00:00","breadcrumb":{"@id":"https:\/\/ilgihost.com\/banka-bilgileri\/#breadcrumb"},"inLanguage":"en-US","potentialAction":[{"@type":"ReadAction","target":["https:\/\/ilgihost.com\/banka-bilgileri\/"]}]},{"@type":"ImageObject","inLanguage":"en-US","@id":"https:\/\/ilgihost.com\/banka-bilgileri\/#primaryimage","url":"https:\/\/ilgihost.com\/wp-content\/uploads\/2025\/10\/yapikredi.png","contentUrl":"https:\/\/ilgihost.com\/wp-content\/uploads\/2025\/10\/yapikredi.png"},{"@type":"BreadcrumbList","@id":"https:\/\/ilgihost.com\/banka-bilgileri\/#breadcrumb","itemListElement":[{"@type":"ListItem","position":1,"name":"Anasayfa","item":"https:\/\/ilgihost.com\/"},{"@type":"ListItem","position":2,"name":"Banka Hesap Bilgileri"}]},{"@type":"WebSite","@id":"https:\/\/ilgihost.com\/#website","url":"https:\/\/ilgihost.com\/","name":"\u0130lgi Host","description":"Siteniz i\u00e7in en do\u011fru tercih: En h\u0131zl\u0131 cPanel Hosting! Y\u00fcksek h\u0131z, g\u00fcvenlik, kesintisiz eri\u015fim ve kolay y\u00f6netim bir arada.","publisher":{"@id":"https:\/\/ilgihost.com\/#organization"},"potentialAction":[{"@type":"SearchAction","target":{"@type":"EntryPoint","urlTemplate":"https:\/\/ilgihost.com\/?s={search_term_string}"},"query-input":{"@type":"PropertyValueSpecification","valueRequired":true,"valueName":"search_term_string"}}],"inLanguage":"en-US"},{"@type":"Organization","@id":"https:\/\/ilgihost.com\/#organization","name":"\u0130lginet Telekom\u00fcnikasyon ve \u0130nternet Hizmetleri Sa. Tic. Ltd. \u015eti","url":"https:\/\/ilgihost.com\/","logo":{"@type":"ImageObject","inLanguage":"en-US","@id":"https:\/\/ilgihost.com\/#\/schema\/logo\/image\/","url":"https:\/\/ilgihost.com\/wp-content\/uploads\/2025\/06\/logo-yazisiz.png","contentUrl":"https:\/\/ilgihost.com\/wp-content\/uploads\/2025\/06\/logo-yazisiz.png","width":500,"height":500,"caption":"\u0130lginet Telekom\u00fcnikasyon ve \u0130nternet Hizmetleri Sa. Tic. Ltd. \u015eti"},"image":{"@id":"https:\/\/ilgihost.com\/#\/schema\/logo\/image\/"},"sameAs":["https:\/\/facebook.com\/ilgihost","https:\/\/x.com\/ilgihost","https:\/\/instagram.com\/ilgihost"]}]}},"_links":{"self":[{"href":"https:\/\/ilgihost.com\/en\/wp-json\/wp\/v2\/pages\/4360","targetHints":{"allow":["GET"]}}],"collection":[{"href":"https:\/\/ilgihost.com\/en\/wp-json\/wp\/v2\/pages"}],"about":[{"href":"https:\/\/ilgihost.com\/en\/wp-json\/wp\/v2\/types\/page"}],"author":[{"embeddable":true,"href":"https:\/\/ilgihost.com\/en\/wp-json\/wp\/v2\/users\/1"}],"replies":[{"embeddable":true,"href":"https:\/\/ilgihost.com\/en\/wp-json\/wp\/v2\/comments?post=4360"}],"version-history":[{"count":10,"href":"https:\/\/ilgihost.com\/en\/wp-json\/wp\/v2\/pages\/4360\/revisions"}],"predecessor-version":[{"id":5336,"href":"https:\/\/ilgihost.com\/en\/wp-json\/wp\/v2\/pages\/4360\/revisions\/5336"}],"wp:attachment":[{"href":"https:\/\/ilgihost.com\/en\/wp-json\/wp\/v2\/media?parent=4360"}],"curies":[{"name":"wp","href":"https:\/\/api.w.org\/{rel}","templated":true}]}}