{"id":4355,"date":"2025-01-27T18:35:52","date_gmt":"2025-01-27T18:35:52","guid":{"rendered":"https:\/\/ilgihost.com\/?page_id=4355"},"modified":"2025-01-27T18:35:52","modified_gmt":"2025-01-27T18:35:52","slug":"gizlilik-politikasi","status":"publish","type":"page","link":"https:\/\/ilgihost.com\/en\/gizlilik-politikasi\/","title":{"rendered":"Privacy Policy"},"content":{"rendered":"<p>&nbsp;<\/p>\n<p>\u0130LG\u0130 NET, hizmetlerini kullanan ziyaret\u00e7i ve \u00fcyelerinin ki\u015fisel verilerini g\u00fcvende tutmak ve korumak konular\u0131nda hassasiyet g\u00f6sterir. Bu gizlilik politikas\u0131, hangi bilgilerin hangi ama\u00e7la i\u015flenece\u011fi, i\u015flenen verilerin kimlerle neden payla\u015f\u0131labilece\u011fi, veri i\u015fleme y\u00f6ntemi ve i\u015flenen verilerinize ili\u015fkin haklar\u0131n\u0131z\u0131 a\u00e7\u0131klar.<\/p>\n<p>Genel olarak i\u015flenen veriler, resmi kurumlar\u0131n gerek\u00e7eli talepleri d\u0131\u015f\u0131nda, her hangi bir ba\u015fka kurum, kurulu\u015f ve ama\u00e7la payla\u015f\u0131lmaz.<\/p>\n<p>Verilerin i\u015flenme amac\u0131; daha iyi hizmet verebilmek, istatistiksel analizlerle talebe y\u00f6nelik \u00fcr\u00fcn sunabilmek, sorunlara \u00e7\u00f6z\u00fcm \u00fcretebilmek, g\u00fcvenlik takibi i\u00e7in yorumlanmaktad\u0131r.<\/p>\n<p>Bu ama\u00e7la, sitemizdeki t\u00fcm kay\u0131tl\u0131 kay\u0131ts\u0131z veriler, sunucular\u0131m\u0131z\u0131n korunmas\u0131 ve sistemin g\u00fcvenli\u011fi, mevcut hizmetlerin iyile\u015ftirilmesi ve\/veya yeni \u00fcr\u00fcn geli\u015ftirme hedefleriyle de\u011ferlendirilir, kullan\u0131l\u0131r, payla\u015f\u0131lmaz.<\/p>\n<p>Ziyaret\u00e7i hareketlerinin izlenmesi: \u0130lgiHost&#8217;a giri\u015f yapt\u0131\u011f\u0131n\u0131z andan itibaren konum verileriniz site trafi\u011fine i\u015flenmeye ba\u015flar. Yard\u0131mc\u0131 uygulamalar \u00fczerinden toplanan bu konum bilgileri sadece ziyaret\u00e7ilerimizin hangi co\u011frafi b\u00f6lgelerde yo\u011funluk g\u00f6sterdi\u011fini yorumlamak i\u00e7in kullan\u0131l\u0131r ve payla\u015f\u0131lmaz.<\/p>\n<p>Canl\u0131 Destek: Girdi\u011finiz isim ve e-posta adresiniz, b\u0131rakt\u0131\u011f\u0131n\u0131z mesaj\u0131 size \u00f6zel ve en h\u0131zl\u0131 \u015fekilde cevaplayabilmek i\u00e7in talep edilir ve kullan\u0131l\u0131r. Bu k\u0131s\u0131mda b\u0131rakt\u0131\u011f\u0131n\u0131z mesajlar s\u0131k sorulan sorular hakk\u0131nda istatistiksel verilerimize katk\u0131 sa\u011flar ve payla\u015f\u0131lmaz.<\/p>\n<p>\u00dcye kayd\u0131 olurken beyan etti\u011finiz ki\u015fisel ve\/veya kurumsal bilgileriniz, taraf\u0131 oldu\u011fumuz Hizmet S\u00f6zle\u015fmemiz \u00fczerinden kar\u015f\u0131l\u0131kl\u0131 haklar\u0131m\u0131z\u0131 korumak, sizinle sa\u011fl\u0131kl\u0131 ileti\u015fim kurmak, faturaland\u0131rma i\u015flemleri, istatistiki analizlerle hizmet\/\u00fcr\u00fcn\/kampanya geli\u015ftirme iyile\u015ftirme d\u0131\u015f\u0131nda kullan\u0131lmaz ve payla\u015f\u0131lmaz.<\/p>\n<p>\u00dcyelerimiz kay\u0131t olurken girdi\u011fi kullan\u0131c\u0131 bilgilerini de\u011fi\u015ftirme, g\u00fcncelleme haklar\u0131na sahiptir. Fakat girilen her bilginin do\u011frulu\u011funu beyan, kabul ve taahh\u00fct etti\u011fi unutulmamal\u0131d\u0131r.<\/p>\n<p>\u00dcyelerimiz, Hizmet S\u00f6zle\u015fmesinin sonlanmas\u0131yla birlikte ki\u015fisel verilerinin taraf\u0131m\u0131zca silinmesini talep etme hakk\u0131na sahiptir. Fakat M\u00fc\u015fteri&#8217;ye \u00f6zel i\u00e7erik sa\u011flanmas\u0131: M\u00fc\u015fteri ki\u015fisel profil ge\u00e7mi\u015fleri ile onlara \u00f6zel \u00e7\u00f6z\u00fcmler, kampanyalar ve ayr\u0131cal\u0131klar sunulabilmesi a\u00e7\u0131s\u0131ndan avantajl\u0131d\u0131r.<\/p>\n<p>Finansal bilgiler, sat\u0131n alma ve geri \u00f6deme durumlar\u0131nda kullan\u0131l\u0131r. Kredi kart\u0131 bilgileri kesinlikle kaydedilmez. Kredi kart\u0131ndan \u00fccret tahsilat\u0131 yaln\u0131zca siz ve bankan\u0131z aras\u0131nda ger\u00e7ekle\u015fmektedir.<\/p>\n<p>Kredi kart\u0131 ile \u00f6deme s\u0131ras\u0131nda, SSL G\u00fcvenlik Sertifikas\u0131 ve Secure Socket Layer ile \u015fifreli olarak bilgiler i\u015flemi yapacak bankaya iletilir..<\/p>\n<p>Hizmetlerimizdeki etkinli\u011finiz hakk\u0131nda bilgi toplar\u0131z. Bu konuda IP adresiniz; sizi, al\u0131\u015fveri\u015f sepetinizi tan\u0131mak ve a\u00e7\u0131k demografik bilgilerinizin ayr\u0131\u015ft\u0131r\u0131lmas\u0131 i\u00e7in kullan\u0131l\u0131r. IP adresinizden toplanan veriler; istatistiksel analiz d\u0131\u015f\u0131nda, sunucular\u0131m\u0131zda ya da herhangi di\u011fer ba\u015fka olu\u015fabilecek sorunlar hakk\u0131nda \u00e7\u00f6z\u00fcm \u00fcretebilmek ve g\u00fcvenlik takibi yapabilmek i\u00e7in kullan\u0131l\u0131r, payla\u015f\u0131lmaz.<\/p>\n<p>Hizmetlerimizi kulland\u0131\u011f\u0131n\u0131zda konumunuzla ilgili ayr\u0131ca bilgi toplar\u0131z. Toplad\u0131\u011f\u0131m\u0131z konum verileri sitemizde bilgi kayb\u0131n\u0131, bilginin izin verilmeyen kullan\u0131m\u0131n\u0131 ve izinsiz de\u011fi\u015ftirilmesini engellemek i\u00e7in firmam\u0131zca uygulanan g\u00fcvenlik \u00f6nlemlerini desteklemek i\u00e7indir.<\/p>\n<p>G\u00fcvenlik \u00f6nlemleri ve son g\u00fcncellemeler taraf\u0131m\u0131zca d\u00fczenli olarak yap\u0131lmaktad\u0131r. Sunucu d\u00fczeyi uygulamalarda g\u00fcvenlik konusunda kullan\u0131c\u0131lardan de\u011fer not alm\u0131\u015f Linux i\u015fletim sistemi \u00fczerinde PHP programlama dili ve MySQL veritaban\u0131 ile sizlere hizmet vermekteyiz.<\/p>\n<p>Bizden g\u00fcncel haberler ve hizmetlerimiz hakk\u0131nda bilgi almak i\u00e7in bizi sosyal medya hesaplar\u0131m\u0131zdan takip edebilirsiniz.<\/p>","protected":false},"excerpt":{"rendered":"<p>&nbsp; \u0130LG\u0130 NET, hizmetlerini kullanan ziyaret\u00e7i ve \u00fcyelerinin ki\u015fisel verilerini g\u00fcvende tutmak ve korumak konular\u0131nda hassasiyet g\u00f6sterir. Bu gizlilik politikas\u0131, hangi bilgilerin hangi ama\u00e7la i\u015flenece\u011fi, i\u015flenen verilerin kimlerle neden payla\u015f\u0131labilece\u011fi, veri i\u015fleme y\u00f6ntemi ve i\u015flenen verilerinize ili\u015fkin haklar\u0131n\u0131z\u0131 a\u00e7\u0131klar. Genel olarak i\u015flenen veriler, resmi kurumlar\u0131n gerek\u00e7eli talepleri d\u0131\u015f\u0131nda, her hangi bir ba\u015fka kurum, kurulu\u015f ve [&hellip;]<\/p>\n","protected":false},"author":1,"featured_media":0,"parent":0,"menu_order":0,"comment_status":"closed","ping_status":"closed","template":"","meta":{"footnotes":""},"class_list":["post-4355","page","type-page","status-publish","hentry"],"yoast_head":"<!-- This site is optimized with the Yoast SEO plugin v27.4 - https:\/\/yoast.com\/product\/yoast-seo-wordpress\/ -->\n<title>Gizlilik Politikas\u0131 - \u0130lgi Host \u0130nternet Hizmetleri<\/title>\n<meta name=\"robots\" content=\"index, follow, max-snippet:-1, max-image-preview:large, max-video-preview:-1\" \/>\n<link rel=\"canonical\" href=\"https:\/\/ilgihost.com\/en\/gizlilik-politikasi\/\" \/>\n<meta property=\"og:locale\" content=\"en_US\" \/>\n<meta property=\"og:type\" content=\"article\" \/>\n<meta property=\"og:title\" content=\"Gizlilik Politikas\u0131 - \u0130lgi Host \u0130nternet Hizmetleri\" \/>\n<meta property=\"og:description\" content=\"&nbsp; \u0130LG\u0130 NET, hizmetlerini kullanan ziyaret\u00e7i ve \u00fcyelerinin ki\u015fisel verilerini g\u00fcvende tutmak ve korumak konular\u0131nda hassasiyet g\u00f6sterir. Bu gizlilik politikas\u0131, hangi bilgilerin hangi ama\u00e7la i\u015flenece\u011fi, i\u015flenen verilerin kimlerle neden payla\u015f\u0131labilece\u011fi, veri i\u015fleme y\u00f6ntemi ve i\u015flenen verilerinize ili\u015fkin haklar\u0131n\u0131z\u0131 a\u00e7\u0131klar. Genel olarak i\u015flenen veriler, resmi kurumlar\u0131n gerek\u00e7eli talepleri d\u0131\u015f\u0131nda, her hangi bir ba\u015fka kurum, kurulu\u015f ve [&hellip;]\" \/>\n<meta property=\"og:url\" content=\"https:\/\/ilgihost.com\/en\/gizlilik-politikasi\/\" \/>\n<meta property=\"og:site_name\" content=\"\u0130lgi Host \u0130nternet Hizmetleri\" \/>\n<meta property=\"article:publisher\" content=\"https:\/\/facebook.com\/ilgihost\" \/>\n<meta property=\"og:image\" content=\"https:\/\/ilgihost.com\/wp-content\/uploads\/2025\/06\/ilgibg.png\" \/>\n\t<meta property=\"og:image:width\" content=\"1200\" \/>\n\t<meta property=\"og:image:height\" content=\"675\" \/>\n\t<meta property=\"og:image:type\" content=\"image\/png\" \/>\n<meta name=\"twitter:card\" content=\"summary_large_image\" \/>\n<meta name=\"twitter:site\" content=\"@ilgihost\" \/>\n<meta name=\"twitter:label1\" content=\"Est. reading time\" \/>\n\t<meta name=\"twitter:data1\" content=\"3 minutes\" \/>\n<script type=\"application\/ld+json\" class=\"yoast-schema-graph\">{\"@context\":\"https:\\\/\\\/schema.org\",\"@graph\":[{\"@type\":\"WebPage\",\"@id\":\"https:\\\/\\\/ilgihost.com\\\/gizlilik-politikasi\\\/\",\"url\":\"https:\\\/\\\/ilgihost.com\\\/gizlilik-politikasi\\\/\",\"name\":\"Gizlilik Politikas\u0131 - \u0130lgi Host \u0130nternet Hizmetleri\",\"isPartOf\":{\"@id\":\"https:\\\/\\\/ilgihost.com\\\/#website\"},\"datePublished\":\"2025-01-27T18:35:52+00:00\",\"breadcrumb\":{\"@id\":\"https:\\\/\\\/ilgihost.com\\\/gizlilik-politikasi\\\/#breadcrumb\"},\"inLanguage\":\"en-US\",\"potentialAction\":[{\"@type\":\"ReadAction\",\"target\":[\"https:\\\/\\\/ilgihost.com\\\/gizlilik-politikasi\\\/\"]}]},{\"@type\":\"BreadcrumbList\",\"@id\":\"https:\\\/\\\/ilgihost.com\\\/gizlilik-politikasi\\\/#breadcrumb\",\"itemListElement\":[{\"@type\":\"ListItem\",\"position\":1,\"name\":\"Anasayfa\",\"item\":\"https:\\\/\\\/ilgihost.com\\\/\"},{\"@type\":\"ListItem\",\"position\":2,\"name\":\"Gizlilik Politikas\u0131\"}]},{\"@type\":\"WebSite\",\"@id\":\"https:\\\/\\\/ilgihost.com\\\/#website\",\"url\":\"https:\\\/\\\/ilgihost.com\\\/\",\"name\":\"\u0130lgi Host\",\"description\":\"Siteniz i\u00e7in en do\u011fru tercih: En h\u0131zl\u0131 cPanel Hosting! Y\u00fcksek h\u0131z, g\u00fcvenlik, kesintisiz eri\u015fim ve kolay y\u00f6netim bir arada.\",\"publisher\":{\"@id\":\"https:\\\/\\\/ilgihost.com\\\/#organization\"},\"potentialAction\":[{\"@type\":\"SearchAction\",\"target\":{\"@type\":\"EntryPoint\",\"urlTemplate\":\"https:\\\/\\\/ilgihost.com\\\/?s={search_term_string}\"},\"query-input\":{\"@type\":\"PropertyValueSpecification\",\"valueRequired\":true,\"valueName\":\"search_term_string\"}}],\"inLanguage\":\"en-US\"},{\"@type\":\"Organization\",\"@id\":\"https:\\\/\\\/ilgihost.com\\\/#organization\",\"name\":\"\u0130lginet Telekom\u00fcnikasyon ve \u0130nternet Hizmetleri Sa. Tic. Ltd. \u015eti\",\"url\":\"https:\\\/\\\/ilgihost.com\\\/\",\"logo\":{\"@type\":\"ImageObject\",\"inLanguage\":\"en-US\",\"@id\":\"https:\\\/\\\/ilgihost.com\\\/#\\\/schema\\\/logo\\\/image\\\/\",\"url\":\"https:\\\/\\\/ilgihost.com\\\/wp-content\\\/uploads\\\/2025\\\/06\\\/logo-yazisiz.png\",\"contentUrl\":\"https:\\\/\\\/ilgihost.com\\\/wp-content\\\/uploads\\\/2025\\\/06\\\/logo-yazisiz.png\",\"width\":500,\"height\":500,\"caption\":\"\u0130lginet Telekom\u00fcnikasyon ve \u0130nternet Hizmetleri Sa. Tic. Ltd. \u015eti\"},\"image\":{\"@id\":\"https:\\\/\\\/ilgihost.com\\\/#\\\/schema\\\/logo\\\/image\\\/\"},\"sameAs\":[\"https:\\\/\\\/facebook.com\\\/ilgihost\",\"https:\\\/\\\/x.com\\\/ilgihost\",\"https:\\\/\\\/instagram.com\\\/ilgihost\"]}]}<\/script>\n<!-- \/ Yoast SEO plugin. -->","yoast_head_json":{"title":"Gizlilik Politikas\u0131 - \u0130lgi Host \u0130nternet Hizmetleri","robots":{"index":"index","follow":"follow","max-snippet":"max-snippet:-1","max-image-preview":"max-image-preview:large","max-video-preview":"max-video-preview:-1"},"canonical":"https:\/\/ilgihost.com\/en\/gizlilik-politikasi\/","og_locale":"en_US","og_type":"article","og_title":"Gizlilik Politikas\u0131 - \u0130lgi Host \u0130nternet Hizmetleri","og_description":"&nbsp; \u0130LG\u0130 NET, hizmetlerini kullanan ziyaret\u00e7i ve \u00fcyelerinin ki\u015fisel verilerini g\u00fcvende tutmak ve korumak konular\u0131nda hassasiyet g\u00f6sterir. Bu gizlilik politikas\u0131, hangi bilgilerin hangi ama\u00e7la i\u015flenece\u011fi, i\u015flenen verilerin kimlerle neden payla\u015f\u0131labilece\u011fi, veri i\u015fleme y\u00f6ntemi ve i\u015flenen verilerinize ili\u015fkin haklar\u0131n\u0131z\u0131 a\u00e7\u0131klar. Genel olarak i\u015flenen veriler, resmi kurumlar\u0131n gerek\u00e7eli talepleri d\u0131\u015f\u0131nda, her hangi bir ba\u015fka kurum, kurulu\u015f ve [&hellip;]","og_url":"https:\/\/ilgihost.com\/en\/gizlilik-politikasi\/","og_site_name":"\u0130lgi Host \u0130nternet Hizmetleri","article_publisher":"https:\/\/facebook.com\/ilgihost","og_image":[{"width":1200,"height":675,"url":"https:\/\/ilgihost.com\/wp-content\/uploads\/2025\/06\/ilgibg.png","type":"image\/png"}],"twitter_card":"summary_large_image","twitter_site":"@ilgihost","twitter_misc":{"Est. reading time":"3 minutes"},"schema":{"@context":"https:\/\/schema.org","@graph":[{"@type":"WebPage","@id":"https:\/\/ilgihost.com\/gizlilik-politikasi\/","url":"https:\/\/ilgihost.com\/gizlilik-politikasi\/","name":"Gizlilik Politikas\u0131 - \u0130lgi Host \u0130nternet Hizmetleri","isPartOf":{"@id":"https:\/\/ilgihost.com\/#website"},"datePublished":"2025-01-27T18:35:52+00:00","breadcrumb":{"@id":"https:\/\/ilgihost.com\/gizlilik-politikasi\/#breadcrumb"},"inLanguage":"en-US","potentialAction":[{"@type":"ReadAction","target":["https:\/\/ilgihost.com\/gizlilik-politikasi\/"]}]},{"@type":"BreadcrumbList","@id":"https:\/\/ilgihost.com\/gizlilik-politikasi\/#breadcrumb","itemListElement":[{"@type":"ListItem","position":1,"name":"Anasayfa","item":"https:\/\/ilgihost.com\/"},{"@type":"ListItem","position":2,"name":"Gizlilik Politikas\u0131"}]},{"@type":"WebSite","@id":"https:\/\/ilgihost.com\/#website","url":"https:\/\/ilgihost.com\/","name":"\u0130lgi Host","description":"Siteniz i\u00e7in en do\u011fru tercih: En h\u0131zl\u0131 cPanel Hosting! Y\u00fcksek h\u0131z, g\u00fcvenlik, kesintisiz eri\u015fim ve kolay y\u00f6netim bir arada.","publisher":{"@id":"https:\/\/ilgihost.com\/#organization"},"potentialAction":[{"@type":"SearchAction","target":{"@type":"EntryPoint","urlTemplate":"https:\/\/ilgihost.com\/?s={search_term_string}"},"query-input":{"@type":"PropertyValueSpecification","valueRequired":true,"valueName":"search_term_string"}}],"inLanguage":"en-US"},{"@type":"Organization","@id":"https:\/\/ilgihost.com\/#organization","name":"\u0130lginet Telekom\u00fcnikasyon ve \u0130nternet Hizmetleri Sa. Tic. Ltd. \u015eti","url":"https:\/\/ilgihost.com\/","logo":{"@type":"ImageObject","inLanguage":"en-US","@id":"https:\/\/ilgihost.com\/#\/schema\/logo\/image\/","url":"https:\/\/ilgihost.com\/wp-content\/uploads\/2025\/06\/logo-yazisiz.png","contentUrl":"https:\/\/ilgihost.com\/wp-content\/uploads\/2025\/06\/logo-yazisiz.png","width":500,"height":500,"caption":"\u0130lginet Telekom\u00fcnikasyon ve \u0130nternet Hizmetleri Sa. Tic. Ltd. \u015eti"},"image":{"@id":"https:\/\/ilgihost.com\/#\/schema\/logo\/image\/"},"sameAs":["https:\/\/facebook.com\/ilgihost","https:\/\/x.com\/ilgihost","https:\/\/instagram.com\/ilgihost"]}]}},"_links":{"self":[{"href":"https:\/\/ilgihost.com\/en\/wp-json\/wp\/v2\/pages\/4355","targetHints":{"allow":["GET"]}}],"collection":[{"href":"https:\/\/ilgihost.com\/en\/wp-json\/wp\/v2\/pages"}],"about":[{"href":"https:\/\/ilgihost.com\/en\/wp-json\/wp\/v2\/types\/page"}],"author":[{"embeddable":true,"href":"https:\/\/ilgihost.com\/en\/wp-json\/wp\/v2\/users\/1"}],"replies":[{"embeddable":true,"href":"https:\/\/ilgihost.com\/en\/wp-json\/wp\/v2\/comments?post=4355"}],"version-history":[{"count":1,"href":"https:\/\/ilgihost.com\/en\/wp-json\/wp\/v2\/pages\/4355\/revisions"}],"predecessor-version":[{"id":4358,"href":"https:\/\/ilgihost.com\/en\/wp-json\/wp\/v2\/pages\/4355\/revisions\/4358"}],"wp:attachment":[{"href":"https:\/\/ilgihost.com\/en\/wp-json\/wp\/v2\/media?parent=4355"}],"curies":[{"name":"wp","href":"https:\/\/api.w.org\/{rel}","templated":true}]}}