{"id":128,"date":"2022-09-21T03:50:33","date_gmt":"2022-09-21T03:50:33","guid":{"rendered":"https:\/\/demo.bravisthemes.com\/hostco\/?page_id=128"},"modified":"2025-02-08T11:52:02","modified_gmt":"2025-02-08T11:52:02","slug":"iletisim","status":"publish","type":"page","link":"https:\/\/ilgihost.com\/en\/iletisim\/","title":{"rendered":"Contact"},"content":{"rendered":"<div data-elementor-type=\"wp-page\" data-elementor-id=\"128\" class=\"elementor elementor-128\">\n\t\t\t\t        <section class=\"elementor-section elementor-top-section elementor-element elementor-element-141d00b elementor-section-stretched elementor-section-boxed elementor-section-height-default elementor-section-height-default pxl-type-header-none pxl-bg-color-none parallax-none pxl-row-scroll-none\" data-id=\"141d00b\" data-element_type=\"section\" data-e-type=\"section\" data-settings=\"{&quot;stretch_section&quot;:&quot;section-stretched&quot;}\">\n\n                \n                <div class=\"elementor-container elementor-column-gap-extended\">\n                <div class=\"elementor-column elementor-col-50 elementor-top-column elementor-element elementor-element-321edc5 pxl_section_offset-none parallax-none pxl-container-width-container-1200 pxl-col-none pxl-column-none\" data-id=\"321edc5\" data-element_type=\"column\" data-e-type=\"column\">\r\n        <div class=\"elementor-widget-wrap elementor-element-populated\">\r\n                     \r\n        \t\t<div class=\"elementor-element elementor-element-2fa7f33 elementor-widget elementor-widget-google_maps\" data-id=\"2fa7f33\" data-element_type=\"widget\" data-e-type=\"widget\" data-widget_type=\"google_maps.default\">\n\t\t\t\t<div class=\"elementor-widget-container\">\n\t\t\t\t\t\t\t<div class=\"elementor-custom-embed\">\n\t\t\t<iframe loading=\"lazy\"\n\t\t\t\t\tsrc=\"https:\/\/maps.google.com\/maps?q=87JV%2B4C%20Atakum%2C%20Samsun&#038;t=m&#038;z=14&#038;output=embed&#038;iwloc=near\"\n\t\t\t\t\ttitle=\"87JV+4C Atakum, Samsun\"\n\t\t\t\t\taria-label=\"87JV+4C Atakum, Samsun\"\n\t\t\t><\/iframe>\n\t\t<\/div>\n\t\t\t\t\t\t<\/div>\n\t\t\t\t<\/div>\n\t\t\t\t<div class=\"elementor-element elementor-element-013e676 elementor-widget elementor-widget-pxl_heading\" data-id=\"013e676\" data-element_type=\"widget\" data-e-type=\"widget\" data-widget_type=\"pxl_heading.default\">\n\t\t\t\t<div class=\"elementor-widget-container\">\n\t\t\t\t\t<div class=\"pxl-heading Inter\">\r\n\t<div class=\"pxl-heading--inner\">\r\n\t\t\t\t<h3 class=\"pxl-item--title  highlight-default\" data-wow-delay=\"ms\">\r\n\t\tBilgi mi almak istiyorsunuz?\t\t\r\n\t\t\t\t<\/h3>\r\n\r\n\t<\/span>\r\n<\/div>\r\n<\/div>\r\n\r\n\t\t\t\t<\/div>\n\t\t\t\t<\/div>\n\t\t\t\t<div class=\"elementor-element elementor-element-4e1104c elementor-widget elementor-widget-pxl_contact_form\" data-id=\"4e1104c\" data-element_type=\"widget\" data-e-type=\"widget\" data-widget_type=\"pxl_contact_form.default\">\n\t\t\t\t<div class=\"elementor-widget-container\">\n\t\t\t\t\t\r\n    <div class=\"pxl-contact-form pxl-contact-form1 button-style1 btn-w-auto\" data-wow-delay=\"ms\">\r\r\n        \n<div class=\"wpcf7 no-js\" id=\"wpcf7-f175-o1\" lang=\"en-US\" dir=\"ltr\" data-wpcf7-id=\"175\">\n<div class=\"screen-reader-response\"><p role=\"status\" aria-live=\"polite\" aria-atomic=\"true\"><\/p> <ul><\/ul><\/div>\n<form action=\"\/en\/wp-json\/wp\/v2\/pages\/128#wpcf7-f175-o1\" method=\"post\" class=\"wpcf7-form init\" aria-label=\"Contact form\" novalidate=\"novalidate\" data-status=\"init\" data-trp-original-action=\"\/en\/wp-json\/wp\/v2\/pages\/128#wpcf7-f175-o1\">\n<fieldset class=\"hidden-fields-container\"><input type=\"hidden\" name=\"_wpcf7\" value=\"175\" \/><input type=\"hidden\" name=\"_wpcf7_version\" value=\"6.1.5\" \/><input type=\"hidden\" name=\"_wpcf7_locale\" value=\"en_US\" \/><input type=\"hidden\" name=\"_wpcf7_unit_tag\" value=\"wpcf7-f175-o1\" \/><input type=\"hidden\" name=\"_wpcf7_container_post\" value=\"0\" \/><input type=\"hidden\" name=\"_wpcf7_posted_data_hash\" value=\"\" \/>\n<\/fieldset>\n<div class=\"wrap-ctf-page\">\n\t<div class=\"row\">\n\t\t<div class=\"input-filled col-xl-4 col-lg-4 col-md-6 col-12\">\n\t\t\t<p><span class=\"wpcf7-form-control-wrap your-name\"><br \/>\n<span class=\"wpcf7-form-control-wrap\" data-name=\"your-name\"><input size=\"40\" maxlength=\"400\" class=\"wpcf7-form-control wpcf7-text wpcf7-validates-as-required\" aria-required=\"true\" aria-invalid=\"false\" placeholder=\"Ad\u0131n\u0131z\" value=\"\" type=\"text\" name=\"your-name\" \/><\/span><br \/>\n<\/span>\n\t\t\t<\/p>\n\t\t<\/div>\n\t\t<div class=\"input-filled col-xl-4 col-lg-4 col-md-6 col-12\">\n\t\t\t<p><span class=\"wpcf7-form-control-wrap your-email\"><br \/>\n<span class=\"wpcf7-form-control-wrap\" data-name=\"your-email\"><input size=\"40\" maxlength=\"400\" class=\"wpcf7-form-control wpcf7-text wpcf7-validates-as-required\" aria-required=\"true\" aria-invalid=\"false\" placeholder=\"E-posta Adresiniz\" value=\"\" type=\"text\" name=\"your-email\" \/><\/span><br \/>\n<\/span>\n\t\t\t<\/p>\n\t\t<\/div>\n\t\t<div class=\"input-filled col-xl-4 col-lg-4 col-md-12\">\n\t\t\t<p><span class=\"wpcf7-form-control-wrap your-phone\"><br \/>\n<span class=\"wpcf7-form-control-wrap\" data-name=\"your-phone\"><input size=\"40\" maxlength=\"400\" class=\"wpcf7-form-control wpcf7-text wpcf7-validates-as-required\" aria-required=\"true\" aria-invalid=\"false\" placeholder=\"Telefon Numaran\u0131z\" value=\"\" type=\"text\" name=\"your-phone\" \/><\/span><br \/>\n<\/span>\n\t\t\t<\/p>\n\t\t<\/div>\n\t<\/div>\n\t<div class=\"input-filled\">\n\t\t<p><span class=\"wpcf7-form-control-wrap your-mess\"><br \/>\n<span class=\"wpcf7-form-control-wrap\" data-name=\"your-message\"><textarea cols=\"40\" rows=\"10\" maxlength=\"2000\" class=\"wpcf7-form-control wpcf7-textarea wpcf7-validates-as-required\" aria-required=\"true\" aria-invalid=\"false\" placeholder=\"Hangi konu hakk\u0131nda bilgi almak istiyorsunuz?\" name=\"your-message\"><\/textarea><\/span><br \/>\n<\/span>\n\t\t<\/p>\n\t<\/div>\n\t<div class=\"input-filled\">\n\t\t<p><button> G\u00f6nder <\/button>\n\t\t<\/p>\n\t<\/div>\n<\/div><div class=\"wpcf7-response-output\" aria-hidden=\"true\"><\/div>\n<input type=\"hidden\" name=\"trp-form-language\" value=\"en\"\/><\/form>\n<\/div>\n\r\n    <\/div>\r\r\n\r\n\t\t\t\t<\/div>\n\t\t\t\t<\/div>\n\t\t            <\/div>\r\n        <\/div>\r\n                <div class=\"elementor-column elementor-col-50 elementor-top-column elementor-element elementor-element-deb4ab2 pxl_section_offset-none parallax-none pxl-container-width-container-1200 pxl-col-none pxl-column-none\" data-id=\"deb4ab2\" data-element_type=\"column\" data-e-type=\"column\">\r\n        <div class=\"elementor-widget-wrap elementor-element-populated\">\r\n                     \r\n                <section class=\"elementor-section elementor-inner-section elementor-element elementor-element-7e86417 elementor-section-boxed elementor-section-height-default elementor-section-height-default pxl-type-header-none pxl-bg-color-none parallax-none pxl-row-scroll-none\" data-id=\"7e86417\" data-element_type=\"section\" data-e-type=\"section\" data-settings=\"{&quot;background_background&quot;:&quot;classic&quot;}\">\n\n                \n                <div class=\"elementor-container elementor-column-gap-default\">\n                <div class=\"elementor-column elementor-col-100 elementor-inner-column elementor-element elementor-element-d562b1c pxl_section_offset-none parallax-none pxl-container-width-container-1200 pxl-col-none pxl-column-none\" data-id=\"d562b1c\" data-element_type=\"column\" data-e-type=\"column\">\r\n        <div class=\"elementor-widget-wrap elementor-element-populated\">\r\n                     \r\n        \t\t<div class=\"elementor-element elementor-element-414ef06 elementor-widget elementor-widget-pxl_heading\" data-id=\"414ef06\" data-element_type=\"widget\" data-e-type=\"widget\" data-widget_type=\"pxl_heading.default\">\n\t\t\t\t<div class=\"elementor-widget-container\">\n\t\t\t\t\t<div class=\"pxl-heading Inter\">\r\n\t<div class=\"pxl-heading--inner\">\r\n\t\t\t\t<h3 class=\"pxl-item--title  highlight-default\" data-wow-delay=\"ms\">\r\n\t\tGiresun Ofis\t\t\r\n\t\t\t\t<\/h3>\r\n\r\n\t<\/span>\r\n<\/div>\r\n<\/div>\r\n\r\n\t\t\t\t<\/div>\n\t\t\t\t<\/div>\n\t\t\t\t<div class=\"elementor-element elementor-element-8930928 elementor-widget elementor-widget-pxl_icon_box\" data-id=\"8930928\" data-element_type=\"widget\" data-e-type=\"widget\" data-widget_type=\"pxl_icon_box.default\">\n\t\t\t\t<div class=\"elementor-widget-container\">\n\t\t\t\t\t<div class=\"pxl-icon-box pxl-icon-box2 style1\" data-wow-delay=\"ms\">\r\r\n    <div class=\"pxl-item--inner\">\r\r\n        \r\n            <div class=\"pxl-item--icon\">\r\r\n                <i aria-hidden=\"true\" class=\"fas fa-map-marker-alt\"><\/i>\r\n            <\/div>\r\r\n        \r\n        \r\n        <div class=\"pxl-item--holder\">\r\r\n            <div class=\"pxl-item--title el-empty\">\r\r\n                \r\n                <a href=\"https:\/\/www.google.com\/maps\/search\/08+W+36th+St,+New+York,+NY+10001\/@21.0506866,105.8047464,19z?hl=vi\" target=\"_blank\">\r\r\n                    Yeni, 28340 Piraziz\/Giresun, T\u00fcrkiye\r\n                <\/a>  \r\r\n            <\/div>\r\r\n        <\/div>\r\r\n    <\/div>\r\r\n<\/div>\t\t\t\t<\/div>\n\t\t\t\t<\/div>\n\t\t\t\t<div class=\"elementor-element elementor-element-c5f5fe4 elementor-widget elementor-widget-pxl_icon_box\" data-id=\"c5f5fe4\" data-element_type=\"widget\" data-e-type=\"widget\" data-widget_type=\"pxl_icon_box.default\">\n\t\t\t\t<div class=\"elementor-widget-container\">\n\t\t\t\t\t<div class=\"pxl-icon-box pxl-icon-box2 style1\" data-wow-delay=\"ms\">\r\r\n    <div class=\"pxl-item--inner\">\r\r\n        \r\n            <div class=\"pxl-item--icon\">\r\r\n                <i aria-hidden=\"true\" class=\"flaticon flaticon-phone-call\"><\/i>\r\n            <\/div>\r\r\n        \r\n        \r\n        <div class=\"pxl-item--holder\">\r\r\n            <div class=\"pxl-item--title el-empty\">\r\r\n                \r\n                <a href=\"tel:13339296\">\r\r\n                    0850 304 5678\r\n                <\/a>  \r\r\n            <\/div>\r\r\n        <\/div>\r\r\n    <\/div>\r\r\n<\/div>\t\t\t\t<\/div>\n\t\t\t\t<\/div>\n\t\t\t\t<div class=\"elementor-element elementor-element-c2fe0fa elementor-widget elementor-widget-pxl_icon_box\" data-id=\"c2fe0fa\" data-element_type=\"widget\" data-e-type=\"widget\" data-widget_type=\"pxl_icon_box.default\">\n\t\t\t\t<div class=\"elementor-widget-container\">\n\t\t\t\t\t<div class=\"pxl-icon-box pxl-icon-box2 style1\" data-wow-delay=\"ms\">\r\r\n    <div class=\"pxl-item--inner\">\r\r\n        \r\n            <div class=\"pxl-item--icon\">\r\r\n                <i aria-hidden=\"true\" class=\"fal fa-envelope\"><\/i>\r\n            <\/div>\r\r\n        \r\n        \r\n        <div class=\"pxl-item--holder\">\r\r\n            <div class=\"pxl-item--title el-empty\">\r\r\n                \r\n                <a href=\"mailto:bilgi@ilgihost.com\">\r\r\n                    bilgi@ilgihost.com\r\n                <\/a>  \r\r\n            <\/div>\r\r\n        <\/div>\r\r\n    <\/div>\r\r\n<\/div>\t\t\t\t<\/div>\n\t\t\t\t<\/div>\n\t\t            <\/div>\r\n        <\/div>\r\n        \t\t\t<\/div>\n\t\t<\/section>\n\t\t        <section class=\"elementor-section elementor-inner-section elementor-element elementor-element-f0ad4c3 elementor-section-boxed elementor-section-height-default elementor-section-height-default pxl-type-header-none pxl-bg-color-none parallax-none pxl-row-scroll-none\" data-id=\"f0ad4c3\" data-element_type=\"section\" data-e-type=\"section\" data-settings=\"{&quot;background_background&quot;:&quot;classic&quot;}\">\n\n                \n                <div class=\"elementor-container elementor-column-gap-default\">\n                <div class=\"elementor-column elementor-col-100 elementor-inner-column elementor-element elementor-element-55bd4e3 pxl_section_offset-none parallax-none pxl-container-width-container-1200 pxl-col-none pxl-column-none\" data-id=\"55bd4e3\" data-element_type=\"column\" data-e-type=\"column\">\r\n        <div class=\"elementor-widget-wrap elementor-element-populated\">\r\n                     \r\n        \t\t<div class=\"elementor-element elementor-element-609cf98 elementor-widget elementor-widget-pxl_heading\" data-id=\"609cf98\" data-element_type=\"widget\" data-e-type=\"widget\" data-widget_type=\"pxl_heading.default\">\n\t\t\t\t<div class=\"elementor-widget-container\">\n\t\t\t\t\t<div class=\"pxl-heading Inter\">\r\n\t<div class=\"pxl-heading--inner\">\r\n\t\t\t\t<h3 class=\"pxl-item--title  highlight-default\" data-wow-delay=\"ms\">\r\n\t\tSamsun Ofis\t\t\r\n\t\t\t\t<\/h3>\r\n\r\n\t<\/span>\r\n<\/div>\r\n<\/div>\r\n\r\n\t\t\t\t<\/div>\n\t\t\t\t<\/div>\n\t\t\t\t<div class=\"elementor-element elementor-element-e76e1fa elementor-widget elementor-widget-pxl_icon_box\" data-id=\"e76e1fa\" data-element_type=\"widget\" data-e-type=\"widget\" data-widget_type=\"pxl_icon_box.default\">\n\t\t\t\t<div class=\"elementor-widget-container\">\n\t\t\t\t\t<div class=\"pxl-icon-box pxl-icon-box2 style1\" data-wow-delay=\"ms\">\r\r\n    <div class=\"pxl-item--inner\">\r\r\n        \r\n            <div class=\"pxl-item--icon\">\r\r\n                <i aria-hidden=\"true\" class=\"fas fa-map-marker-alt\"><\/i>\r\n            <\/div>\r\r\n        \r\n        \r\n        <div class=\"pxl-item--holder\">\r\r\n            <div class=\"pxl-item--title el-empty\">\r\r\n                \r\n                <a href=\"https:\/\/www.google.com\/maps\/place\/Denizevleri,+Adnan+Menderes+Blv.+No:129,+55200+Atakum%2FSamsun\/@41.330532,36.2930333,19z\/data=!3m1!4b1!4m14!1m7!3m6!1s0x408879b6abbbcdef:0x2e2cd2d06f349c21!2sK%C4%B1smet+Bal%C4%B1k+Restaurant!8m2!3d41.3303507!4d36.2935475!16s%2Fg%2F1tjhw4fc!3m5!1s0x408879b03117dd83:0xede4743ee76dd5e7!8m2!3d41.330531!4d36.293677!16s%2Fg%2F11csk1d6qk?entry=ttu&amp;g_ep=EgoyMDI1MDEyOC4wIKXMDSoASAFQAw%3D%3D\" target=\"_blank\">\r\r\n                    Denizevleri, Adnan Menderes Blv. Atakum\/Samsun\r\n                <\/a>  \r\r\n            <\/div>\r\r\n        <\/div>\r\r\n    <\/div>\r\r\n<\/div>\t\t\t\t<\/div>\n\t\t\t\t<\/div>\n\t\t\t\t<div class=\"elementor-element elementor-element-aebe865 elementor-widget elementor-widget-pxl_icon_box\" data-id=\"aebe865\" data-element_type=\"widget\" data-e-type=\"widget\" data-widget_type=\"pxl_icon_box.default\">\n\t\t\t\t<div class=\"elementor-widget-container\">\n\t\t\t\t\t<div class=\"pxl-icon-box pxl-icon-box2 style1\" data-wow-delay=\"ms\">\r\r\n    <div class=\"pxl-item--inner\">\r\r\n        \r\n            <div class=\"pxl-item--icon\">\r\r\n                <i aria-hidden=\"true\" class=\"flaticon flaticon-phone-call\"><\/i>\r\n            <\/div>\r\r\n        \r\n        \r\n        <div class=\"pxl-item--holder\">\r\r\n            <div class=\"pxl-item--title el-empty\">\r\r\n                \r\n                <a href=\"tel:03624350330\">\r\r\n                    0362 435 03 30\r\n                <\/a>  \r\r\n            <\/div>\r\r\n        <\/div>\r\r\n    <\/div>\r\r\n<\/div>\t\t\t\t<\/div>\n\t\t\t\t<\/div>\n\t\t\t\t<div class=\"elementor-element elementor-element-994571a elementor-widget elementor-widget-pxl_icon_box\" data-id=\"994571a\" data-element_type=\"widget\" data-e-type=\"widget\" data-widget_type=\"pxl_icon_box.default\">\n\t\t\t\t<div class=\"elementor-widget-container\">\n\t\t\t\t\t<div class=\"pxl-icon-box pxl-icon-box2 style1\" data-wow-delay=\"ms\">\r\r\n    <div class=\"pxl-item--inner\">\r\r\n        \r\n            <div class=\"pxl-item--icon\">\r\r\n                <i aria-hidden=\"true\" class=\"fal fa-envelope\"><\/i>\r\n            <\/div>\r\r\n        \r\n        \r\n        <div class=\"pxl-item--holder\">\r\r\n            <div class=\"pxl-item--title el-empty\">\r\r\n                \r\n                <a href=\"mailto:bilgi@ilgihost.com\">\r\r\n                    bilgi@ilgihost.com\r\n                <\/a>  \r\r\n            <\/div>\r\r\n        <\/div>\r\r\n    <\/div>\r\r\n<\/div>\t\t\t\t<\/div>\n\t\t\t\t<\/div>\n\t\t            <\/div>\r\n        <\/div>\r\n        \t\t\t<\/div>\n\t\t<\/section>\n\t\t            <\/div>\r\n        <\/div>\r\n        \t\t\t<\/div>\n\t\t<\/section>\n\t\t\t\t<\/div>","protected":false},"excerpt":{"rendered":"<p>Bilgi mi almak istiyorsunuz? Send Message Giresun Ofis Yeni, 28340 Piraziz\/Giresun, T\u00fcrkiye 0850 304 5678 bilgi@ilgihost.com Samsun Ofis Denizevleri, Adnan Menderes Blv. Atakum\/Samsun 0362 435 03 30 bilgi@ilgihost.com<\/p>","protected":false},"author":1,"featured_media":0,"parent":0,"menu_order":0,"comment_status":"closed","ping_status":"closed","template":"","meta":{"footnotes":""},"class_list":["post-128","page","type-page","status-publish","hentry"],"yoast_head":"<!-- This site is optimized with the Yoast SEO plugin v27.4 - https:\/\/yoast.com\/product\/yoast-seo-wordpress\/ -->\n<title>\u0130leti\u015fim - \u0130lgi Host \u0130nternet Hizmetleri<\/title>\n<meta name=\"robots\" content=\"index, follow, max-snippet:-1, max-image-preview:large, max-video-preview:-1\" \/>\n<link rel=\"canonical\" href=\"https:\/\/ilgihost.com\/en\/iletisim\/\" \/>\n<meta property=\"og:locale\" content=\"en_US\" \/>\n<meta property=\"og:type\" content=\"article\" \/>\n<meta property=\"og:title\" content=\"\u0130leti\u015fim - \u0130lgi Host \u0130nternet Hizmetleri\" \/>\n<meta property=\"og:description\" content=\"Bilgi mi almak istiyorsunuz? Send Message Giresun Ofis Yeni, 28340 Piraziz\/Giresun, T\u00fcrkiye 0850 304 5678 bilgi@ilgihost.com Samsun Ofis Denizevleri, Adnan Menderes Blv. Atakum\/Samsun 0362 435 03 30 bilgi@ilgihost.com\" \/>\n<meta property=\"og:url\" content=\"https:\/\/ilgihost.com\/en\/iletisim\/\" \/>\n<meta property=\"og:site_name\" content=\"\u0130lgi Host \u0130nternet Hizmetleri\" \/>\n<meta property=\"article:publisher\" content=\"https:\/\/facebook.com\/ilgihost\" \/>\n<meta property=\"article:modified_time\" content=\"2025-02-08T11:52:02+00:00\" \/>\n<meta property=\"og:image\" content=\"https:\/\/ilgihost.com\/wp-content\/uploads\/2025\/06\/ilgibg.png\" \/>\n\t<meta property=\"og:image:width\" content=\"1200\" \/>\n\t<meta property=\"og:image:height\" content=\"675\" \/>\n\t<meta property=\"og:image:type\" content=\"image\/png\" \/>\n<meta name=\"twitter:card\" content=\"summary_large_image\" \/>\n<meta name=\"twitter:site\" content=\"@ilgihost\" \/>\n<script type=\"application\/ld+json\" class=\"yoast-schema-graph\">{\"@context\":\"https:\\\/\\\/schema.org\",\"@graph\":[{\"@type\":\"WebPage\",\"@id\":\"https:\\\/\\\/ilgihost.com\\\/iletisim\\\/\",\"url\":\"https:\\\/\\\/ilgihost.com\\\/iletisim\\\/\",\"name\":\"\u0130leti\u015fim - \u0130lgi Host \u0130nternet Hizmetleri\",\"isPartOf\":{\"@id\":\"https:\\\/\\\/ilgihost.com\\\/#website\"},\"datePublished\":\"2022-09-21T03:50:33+00:00\",\"dateModified\":\"2025-02-08T11:52:02+00:00\",\"breadcrumb\":{\"@id\":\"https:\\\/\\\/ilgihost.com\\\/iletisim\\\/#breadcrumb\"},\"inLanguage\":\"en-US\",\"potentialAction\":[{\"@type\":\"ReadAction\",\"target\":[\"https:\\\/\\\/ilgihost.com\\\/iletisim\\\/\"]}]},{\"@type\":\"BreadcrumbList\",\"@id\":\"https:\\\/\\\/ilgihost.com\\\/iletisim\\\/#breadcrumb\",\"itemListElement\":[{\"@type\":\"ListItem\",\"position\":1,\"name\":\"Anasayfa\",\"item\":\"https:\\\/\\\/ilgihost.com\\\/\"},{\"@type\":\"ListItem\",\"position\":2,\"name\":\"\u0130leti\u015fim\"}]},{\"@type\":\"WebSite\",\"@id\":\"https:\\\/\\\/ilgihost.com\\\/#website\",\"url\":\"https:\\\/\\\/ilgihost.com\\\/\",\"name\":\"\u0130lgi Host\",\"description\":\"Siteniz i\u00e7in en do\u011fru tercih: En h\u0131zl\u0131 cPanel Hosting! Y\u00fcksek h\u0131z, g\u00fcvenlik, kesintisiz eri\u015fim ve kolay y\u00f6netim bir arada.\",\"publisher\":{\"@id\":\"https:\\\/\\\/ilgihost.com\\\/#organization\"},\"potentialAction\":[{\"@type\":\"SearchAction\",\"target\":{\"@type\":\"EntryPoint\",\"urlTemplate\":\"https:\\\/\\\/ilgihost.com\\\/?s={search_term_string}\"},\"query-input\":{\"@type\":\"PropertyValueSpecification\",\"valueRequired\":true,\"valueName\":\"search_term_string\"}}],\"inLanguage\":\"en-US\"},{\"@type\":\"Organization\",\"@id\":\"https:\\\/\\\/ilgihost.com\\\/#organization\",\"name\":\"\u0130lginet Telekom\u00fcnikasyon ve \u0130nternet Hizmetleri Sa. Tic. Ltd. \u015eti\",\"url\":\"https:\\\/\\\/ilgihost.com\\\/\",\"logo\":{\"@type\":\"ImageObject\",\"inLanguage\":\"en-US\",\"@id\":\"https:\\\/\\\/ilgihost.com\\\/#\\\/schema\\\/logo\\\/image\\\/\",\"url\":\"https:\\\/\\\/ilgihost.com\\\/wp-content\\\/uploads\\\/2025\\\/06\\\/logo-yazisiz.png\",\"contentUrl\":\"https:\\\/\\\/ilgihost.com\\\/wp-content\\\/uploads\\\/2025\\\/06\\\/logo-yazisiz.png\",\"width\":500,\"height\":500,\"caption\":\"\u0130lginet Telekom\u00fcnikasyon ve \u0130nternet Hizmetleri Sa. Tic. Ltd. \u015eti\"},\"image\":{\"@id\":\"https:\\\/\\\/ilgihost.com\\\/#\\\/schema\\\/logo\\\/image\\\/\"},\"sameAs\":[\"https:\\\/\\\/facebook.com\\\/ilgihost\",\"https:\\\/\\\/x.com\\\/ilgihost\",\"https:\\\/\\\/instagram.com\\\/ilgihost\"]}]}<\/script>\n<!-- \/ Yoast SEO plugin. -->","yoast_head_json":{"title":"\u0130leti\u015fim - \u0130lgi Host \u0130nternet Hizmetleri","robots":{"index":"index","follow":"follow","max-snippet":"max-snippet:-1","max-image-preview":"max-image-preview:large","max-video-preview":"max-video-preview:-1"},"canonical":"https:\/\/ilgihost.com\/en\/iletisim\/","og_locale":"en_US","og_type":"article","og_title":"\u0130leti\u015fim - \u0130lgi Host \u0130nternet Hizmetleri","og_description":"Bilgi mi almak istiyorsunuz? Send Message Giresun Ofis Yeni, 28340 Piraziz\/Giresun, T\u00fcrkiye 0850 304 5678 bilgi@ilgihost.com Samsun Ofis Denizevleri, Adnan Menderes Blv. Atakum\/Samsun 0362 435 03 30 bilgi@ilgihost.com","og_url":"https:\/\/ilgihost.com\/en\/iletisim\/","og_site_name":"\u0130lgi Host \u0130nternet Hizmetleri","article_publisher":"https:\/\/facebook.com\/ilgihost","article_modified_time":"2025-02-08T11:52:02+00:00","og_image":[{"width":1200,"height":675,"url":"https:\/\/ilgihost.com\/wp-content\/uploads\/2025\/06\/ilgibg.png","type":"image\/png"}],"twitter_card":"summary_large_image","twitter_site":"@ilgihost","schema":{"@context":"https:\/\/schema.org","@graph":[{"@type":"WebPage","@id":"https:\/\/ilgihost.com\/iletisim\/","url":"https:\/\/ilgihost.com\/iletisim\/","name":"\u0130leti\u015fim - \u0130lgi Host \u0130nternet Hizmetleri","isPartOf":{"@id":"https:\/\/ilgihost.com\/#website"},"datePublished":"2022-09-21T03:50:33+00:00","dateModified":"2025-02-08T11:52:02+00:00","breadcrumb":{"@id":"https:\/\/ilgihost.com\/iletisim\/#breadcrumb"},"inLanguage":"en-US","potentialAction":[{"@type":"ReadAction","target":["https:\/\/ilgihost.com\/iletisim\/"]}]},{"@type":"BreadcrumbList","@id":"https:\/\/ilgihost.com\/iletisim\/#breadcrumb","itemListElement":[{"@type":"ListItem","position":1,"name":"Anasayfa","item":"https:\/\/ilgihost.com\/"},{"@type":"ListItem","position":2,"name":"\u0130leti\u015fim"}]},{"@type":"WebSite","@id":"https:\/\/ilgihost.com\/#website","url":"https:\/\/ilgihost.com\/","name":"\u0130lgi Host","description":"Siteniz i\u00e7in en do\u011fru tercih: En h\u0131zl\u0131 cPanel Hosting! Y\u00fcksek h\u0131z, g\u00fcvenlik, kesintisiz eri\u015fim ve kolay y\u00f6netim bir arada.","publisher":{"@id":"https:\/\/ilgihost.com\/#organization"},"potentialAction":[{"@type":"SearchAction","target":{"@type":"EntryPoint","urlTemplate":"https:\/\/ilgihost.com\/?s={search_term_string}"},"query-input":{"@type":"PropertyValueSpecification","valueRequired":true,"valueName":"search_term_string"}}],"inLanguage":"en-US"},{"@type":"Organization","@id":"https:\/\/ilgihost.com\/#organization","name":"\u0130lginet Telekom\u00fcnikasyon ve \u0130nternet Hizmetleri Sa. Tic. Ltd. \u015eti","url":"https:\/\/ilgihost.com\/","logo":{"@type":"ImageObject","inLanguage":"en-US","@id":"https:\/\/ilgihost.com\/#\/schema\/logo\/image\/","url":"https:\/\/ilgihost.com\/wp-content\/uploads\/2025\/06\/logo-yazisiz.png","contentUrl":"https:\/\/ilgihost.com\/wp-content\/uploads\/2025\/06\/logo-yazisiz.png","width":500,"height":500,"caption":"\u0130lginet Telekom\u00fcnikasyon ve \u0130nternet Hizmetleri Sa. Tic. Ltd. \u015eti"},"image":{"@id":"https:\/\/ilgihost.com\/#\/schema\/logo\/image\/"},"sameAs":["https:\/\/facebook.com\/ilgihost","https:\/\/x.com\/ilgihost","https:\/\/instagram.com\/ilgihost"]}]}},"_links":{"self":[{"href":"https:\/\/ilgihost.com\/en\/wp-json\/wp\/v2\/pages\/128","targetHints":{"allow":["GET"]}}],"collection":[{"href":"https:\/\/ilgihost.com\/en\/wp-json\/wp\/v2\/pages"}],"about":[{"href":"https:\/\/ilgihost.com\/en\/wp-json\/wp\/v2\/types\/page"}],"author":[{"embeddable":true,"href":"https:\/\/ilgihost.com\/en\/wp-json\/wp\/v2\/users\/1"}],"replies":[{"embeddable":true,"href":"https:\/\/ilgihost.com\/en\/wp-json\/wp\/v2\/comments?post=128"}],"version-history":[{"count":8,"href":"https:\/\/ilgihost.com\/en\/wp-json\/wp\/v2\/pages\/128\/revisions"}],"predecessor-version":[{"id":4692,"href":"https:\/\/ilgihost.com\/en\/wp-json\/wp\/v2\/pages\/128\/revisions\/4692"}],"wp:attachment":[{"href":"https:\/\/ilgihost.com\/en\/wp-json\/wp\/v2\/media?parent=128"}],"curies":[{"name":"wp","href":"https:\/\/api.w.org\/{rel}","templated":true}]}}